{"id":27,"date":"2024-05-11T12:00:59","date_gmt":"2024-05-11T12:00:59","guid":{"rendered":"https:\/\/yannickschwarz.eu\/?page_id=27"},"modified":"2024-05-12T16:24:02","modified_gmt":"2024-05-12T16:24:02","slug":"homepage","status":"publish","type":"page","link":"https:\/\/yannickschwarz.eu\/","title":{"rendered":"Homepage"},"content":{"rendered":"\n<p><strong>Meine Podcasts<\/strong><\/p>\n\n\n\n<div class=\"wp-block-columns is-layout-flex wp-container-core-columns-is-layout-9d6595d7 wp-block-columns-is-layout-flex\">\n<div class=\"wp-block-column is-layout-flow wp-block-column-is-layout-flow\">\n<figure class=\"wp-block-embed is-type-rich is-provider-spotify wp-block-embed-spotify wp-embed-aspect-21-9 wp-has-aspect-ratio\"><div class=\"wp-block-embed__wrapper\">\n<iframe title=\"Spotify Embed: Ein Paradies f\u00fcr Steuerhinterzieher\" style=\"border-radius: 12px\" width=\"100%\" height=\"152\" frameborder=\"0\" allowfullscreen allow=\"autoplay; clipboard-write; encrypted-media; fullscreen; picture-in-picture\" loading=\"lazy\" src=\"https:\/\/open.spotify.com\/embed\/show\/3TP8frYoXLJZQoyDogAZ88?utm_source=oembed\"><\/iframe>\n<\/div><figcaption class=\"wp-element-caption\">Eine Podcastreihe zum Cum-Ex-Steuerskandal der Warburg-Bank und der Rolle von Olaf Scholz, Peter Tschentscher und verkrusteten Strukturen. Das Team der Linksfraktion bereitet seinen Zwischenbericht auf, pro Folge ein Kapitel, auch f\u00fcr Leute ohne Vorwissen.<\/figcaption><\/figure>\n<\/div>\n\n\n\n<div class=\"wp-block-column is-layout-flow wp-block-column-is-layout-flow\">\n<figure class=\"wp-block-embed is-type-rich is-provider-spotify wp-block-embed-spotify wp-embed-aspect-21-9 wp-has-aspect-ratio\"><div class=\"wp-block-embed__wrapper\">\n<iframe title=\"Spotify Embed: Podcast Steuergerechtigkeit\" style=\"border-radius: 12px\" width=\"100%\" height=\"152\" frameborder=\"0\" allowfullscreen allow=\"autoplay; clipboard-write; encrypted-media; fullscreen; picture-in-picture\" loading=\"lazy\" src=\"https:\/\/open.spotify.com\/embed\/show\/5Ipf4QsdUZQcruQzwd1yDf?utm_source=oembed\"><\/iframe>\n<\/div><figcaption class=\"wp-element-caption\">Die neuesten Entwicklungen zur Steuergerechtigkeit. Einmal im Monat, direkt vom Team des Netzwerk Steuergerechtigkeit. Von Verm\u00f6gensbesteuerung \u00fcber Geldw\u00e4sche zu Steuerbetrug<\/figcaption><\/figure>\n<\/div>\n<\/div>\n\n\n\n<div style=\"height:70px\" aria-hidden=\"true\" class=\"wp-block-spacer\"><\/div>\n\n\n\n<p><strong>Meine neuesten Grafiken und Texte<\/strong><\/p>\n\n\n<ul style=\"background-color:#ffffff;\" class=\"wp-block-latest-posts__list has-dates wp-block-latest-posts has-background\"><li><div class=\"wp-block-latest-posts__featured-image\"><img loading=\"lazy\" decoding=\"async\" width=\"660\" height=\"505\" src=\"https:\/\/yannickschwarz.eu\/wp-content\/uploads\/2023\/02\/Screenshot-2024-08-13-163227-1024x783.png\" class=\"attachment-large size-large wp-post-image\" alt=\"\" style=\"\" srcset=\"https:\/\/yannickschwarz.eu\/wp-content\/uploads\/2023\/02\/Screenshot-2024-08-13-163227-1024x783.png 1024w, https:\/\/yannickschwarz.eu\/wp-content\/uploads\/2023\/02\/Screenshot-2024-08-13-163227-300x230.png 300w, https:\/\/yannickschwarz.eu\/wp-content\/uploads\/2023\/02\/Screenshot-2024-08-13-163227-768x588.png 768w, https:\/\/yannickschwarz.eu\/wp-content\/uploads\/2023\/02\/Screenshot-2024-08-13-163227.png 1132w\" sizes=\"auto, (max-width: 660px) 100vw, 660px\" \/><\/div><a class=\"wp-block-latest-posts__post-title\" href=\"https:\/\/yannickschwarz.eu\/index.php\/2023\/02\/06\/be-pruefungen-quoten-mehreinnahmen-sinken\/\">Steuerpr\u00fcfungen bei Einkommensmillion\u00e4ren: Pr\u00fcfquote UND Mehreinnahmen pro Pr\u00fcfung sinken<\/a><time datetime=\"2023-02-06T00:49:21+00:00\" class=\"wp-block-latest-posts__post-date\">February 6, 2023<\/time><div class=\"wp-block-latest-posts__post-excerpt\">Seit Jahren sinkt nicht nur die Pr\u00fcfquote bei den sogenannten Steuerpflichtigen mit bedeutenden Eink\u00fcnften. Auch das Mehrergebnis pro Pr\u00fcfung tendiert ins Negative. Somit ist das Argument nicht \u00fcberzeugend, dass einfach effizienter und zunehmend nur bei denjenigen gepr\u00fcft werde, bei denen das Steuerausfallrisiko besonders hoch ist.<\/div><\/li>\n<\/ul>","protected":false},"excerpt":{"rendered":"<p>Meine Podcasts Meine neuesten Grafiken und Texte<\/p>\n","protected":false},"author":1,"featured_media":0,"parent":0,"menu_order":0,"comment_status":"closed","ping_status":"closed","template":"","meta":{"cybocfi_hide_featured_image":"","footnotes":""},"class_list":["post-27","page","type-page","status-publish","hentry"],"_links":{"self":[{"href":"https:\/\/yannickschwarz.eu\/index.php\/wp-json\/wp\/v2\/pages\/27","targetHints":{"allow":["GET"]}}],"collection":[{"href":"https:\/\/yannickschwarz.eu\/index.php\/wp-json\/wp\/v2\/pages"}],"about":[{"href":"https:\/\/yannickschwarz.eu\/index.php\/wp-json\/wp\/v2\/types\/page"}],"author":[{"embeddable":true,"href":"https:\/\/yannickschwarz.eu\/index.php\/wp-json\/wp\/v2\/users\/1"}],"replies":[{"embeddable":true,"href":"https:\/\/yannickschwarz.eu\/index.php\/wp-json\/wp\/v2\/comments?post=27"}],"version-history":[{"count":6,"href":"https:\/\/yannickschwarz.eu\/index.php\/wp-json\/wp\/v2\/pages\/27\/revisions"}],"predecessor-version":[{"id":41,"href":"https:\/\/yannickschwarz.eu\/index.php\/wp-json\/wp\/v2\/pages\/27\/revisions\/41"}],"wp:attachment":[{"href":"https:\/\/yannickschwarz.eu\/index.php\/wp-json\/wp\/v2\/media?parent=27"}],"curies":[{"name":"wp","href":"https:\/\/api.w.org\/{rel}","templated":true}]}}